{"id":20,"date":"2021-12-13T08:57:59","date_gmt":"2021-12-13T08:57:59","guid":{"rendered":"https:\/\/kadence.pixel-show.com\/wooden-craft\/?page_id=20"},"modified":"2025-07-04T00:00:59","modified_gmt":"2025-07-04T00:00:59","slug":"faq","status":"publish","type":"page","link":"https:\/\/karelianshungite.com\/?page_id=20","title":{"rendered":"Liste de prix NEW"},"content":{"rendered":"<style>.kb-row-layout-id20_59194c-ec > .kt-row-column-wrap{align-content:start;}:where(.kb-row-layout-id20_59194c-ec > .kt-row-column-wrap) > .wp-block-kadence-column{justify-content:start;}.kb-row-layout-id20_59194c-ec > .kt-row-column-wrap{column-gap:var(--global-kb-gap-md, 2rem);row-gap:var(--global-kb-gap-md, 2rem);max-width:var( --global-content-width, 1290px );padding-left:var(--global-content-edge-padding);padding-right:var(--global-content-edge-padding);padding-top:400px;padding-right:20px;padding-bottom:140px;padding-left:20px;grid-template-columns:minmax(0, 1fr);}.kb-row-layout-id20_59194c-ec{background-image:url('https:\/\/karelianshungite.com\/wp-content\/uploads\/2025\/07\/Firefly-one-big-shungite-plate-filling-the-whole-image-32945-DARKER.jpg');background-size:cover;background-position:center center;background-attachment:scroll;background-repeat:no-repeat;}.kb-row-layout-id20_59194c-ec > .kt-row-layout-overlay{opacity:0.55;background-color:var(--global-palette3, #1A202C);mix-blend-mode:normal;}@media all and (max-width: 1024px){.kb-row-layout-id20_59194c-ec > .kt-row-column-wrap{grid-template-columns:minmax(0, 1fr);}}@media all and (max-width: 767px){.kb-row-layout-id20_59194c-ec > .kt-row-column-wrap{padding-top:150px;grid-template-columns:minmax(0, 1fr);}}<\/style><div class=\"kb-row-layout-wrap kb-row-layout-id20_59194c-ec alignnone kt-row-has-bg wp-block-kadence-rowlayout\"><div class=\"kt-row-layout-overlay kt-row-overlay-normal\"><\/div><div class=\"kt-row-column-wrap kt-has-1-columns kt-row-layout-equal kt-tab-layout-inherit kt-mobile-layout-row kt-row-valign-top kb-theme-content-width\">\n<style>.kadence-column20_214251-58 > .kt-inside-inner-col,.kadence-column20_214251-58 > .kt-inside-inner-col:before{border-top-left-radius:0px;border-top-right-radius:0px;border-bottom-right-radius:0px;border-bottom-left-radius:0px;}.kadence-column20_214251-58 > .kt-inside-inner-col{column-gap:var(--global-kb-gap-sm, 1rem);}.kadence-column20_214251-58 > .kt-inside-inner-col{flex-direction:column;}.kadence-column20_214251-58 > .kt-inside-inner-col > .aligncenter{width:100%;}.kadence-column20_214251-58 > .kt-inside-inner-col:before{opacity:0.3;}.kadence-column20_214251-58{position:relative;}@media all and (max-width: 1024px){.kadence-column20_214251-58 > .kt-inside-inner-col{flex-direction:column;}}@media all and (max-width: 767px){.kadence-column20_214251-58 > .kt-inside-inner-col{flex-direction:column;}}<\/style>\n<div class=\"wp-block-kadence-column kadence-column20_214251-58 inner-column-1\"><div class=\"kt-inside-inner-col\"><style>.wp-block-kadence-spacer.kt-block-spacer-20_babf12-cb .kt-block-spacer{height:6px;}.wp-block-kadence-spacer.kt-block-spacer-20_babf12-cb .kt-divider{border-top-width:1px;height:1px;border-top-color:var(--global-palette2, #2B6CB0);width:10%;border-top-style:solid;}<\/style>\n<div class=\"wp-block-kadence-spacer aligncenter kt-block-spacer-20_babf12-cb\"><div class=\"kt-block-spacer kt-block-spacer-halign-center\"><hr class=\"kt-divider\"\/><\/div><\/div>\n\n<style>.wp-block-kadence-advancedheading.kt-adv-heading20_32d515-93, .wp-block-kadence-advancedheading.kt-adv-heading20_32d515-93[data-kb-block=\"kb-adv-heading20_32d515-93\"]{margin-top:0px;text-align:center;font-style:normal;}.wp-block-kadence-advancedheading.kt-adv-heading20_32d515-93 mark.kt-highlight, .wp-block-kadence-advancedheading.kt-adv-heading20_32d515-93[data-kb-block=\"kb-adv-heading20_32d515-93\"] mark.kt-highlight{font-style:normal;color:#f76a0c;-webkit-box-decoration-break:clone;box-decoration-break:clone;padding-top:0px;padding-right:0px;padding-bottom:0px;padding-left:0px;}<\/style>\n<h2 class=\"kt-adv-heading20_32d515-93 wp-block-kadence-advancedheading has-theme-palette-9-color has-text-color\" data-kb-block=\"kb-adv-heading20_32d515-93\">Liste de prix<\/h2>\n\n<style>.wp-block-kadence-advancedheading.kt-adv-heading20_dcb71b-81, .wp-block-kadence-advancedheading.kt-adv-heading20_dcb71b-81[data-kb-block=\"kb-adv-heading20_dcb71b-81\"]{text-align:center;font-style:normal;}.wp-block-kadence-advancedheading.kt-adv-heading20_dcb71b-81 mark.kt-highlight, .wp-block-kadence-advancedheading.kt-adv-heading20_dcb71b-81[data-kb-block=\"kb-adv-heading20_dcb71b-81\"] mark.kt-highlight{font-style:normal;color:#f76a0c;-webkit-box-decoration-break:clone;box-decoration-break:clone;padding-top:0px;padding-right:0px;padding-bottom:0px;padding-left:0px;}<\/style>\n<p class=\"kt-adv-heading20_dcb71b-81 wp-block-kadence-advancedheading has-theme-palette-9-color has-text-color\" data-kb-block=\"kb-adv-heading20_dcb71b-81\"><\/p>\n\n<figure class=\"wp-block-table\"><table class=\"has-fixed-layout\"><tbody><tr><td colspan=\"8\">Sph\u00e8res<\/td><\/tr><tr><td>Grandeur<\/td><td>3cm<\/td><td>5cm<\/td><td>7cm<\/td><td>10cm<\/td><td>12cm<\/td><td>15cm<\/td><td>20cm<\/td><\/tr><tr><td>Prix<\/td><td>45,00<\/td><td>85,00<\/td><td>175,00<\/td><td>290,00<\/td><td>580,00<\/td><td>995,00<\/td><td>2995,00<\/td><\/tr><tr><td>Zone d\u2019action<\/td><td>1,80m<\/td><td>2,7m<\/td><td>5m<\/td><td>12m<\/td><td>16m<\/td><td>20m<\/td><td>60m<\/td><\/tr><\/tbody><\/table><\/figure>\n\n<p>La protection offerte par les sph\u00e8res contre les ondes \u00e9lectromagn\u00e9tiques varie selon la grandeur de la sph\u00e8re. Il est possible de ressentir son action harmonisant sur nos corps subtils et \u00e9nerg\u00e9tiques.<\/p>\n\n<p>Pyramides<\/p>\n\n<figure class=\"wp-block-table\"><table class=\"has-fixed-layout\"><tbody><tr><td colspan=\"7\">Pyramides<\/td><\/tr><tr><td>Grandeur<\/td><td>5cm<\/td><td>7cm<\/td><td>10cm<\/td><td>12cm<\/td><td>15cm<\/td><td>20cm<\/td><\/tr><tr><td>Prix<\/td><td>70,00<\/td><td>110,00<\/td><td>180,00<\/td><td>380,00<\/td><td>550,00<\/td><td>1480,00<\/td><\/tr><tr><td>Zone d\u2019action<\/td><td>2m<\/td><td>2,9m<\/td><td>5m<\/td><td>7m<\/td><td>12m<\/td><td>22m<\/td><\/tr><\/tbody><\/table><\/figure>\n\n<p>Protection OEM<\/p>\n\n<figure class=\"wp-block-table\"><table class=\"has-fixed-layout\"><tbody><tr><td colspan=\"9\">Pendentifs<\/td><\/tr><tr><td>Mod\u00e8le<\/td><td>Rond<\/td><td>Rond \u00c9clipse<\/td><td>Feuille<\/td><td>C\u0153ur<\/td><td>Pierre roul\u00e9e<\/td><td>\u00c9lite<\/td><td>Merkaba<\/td><td>Boucle d\u2019oreille<br><\/td><\/tr><tr><td>Prix<\/td><td>45,00<\/td><td>45,00<\/td><td>45,00<\/td><td>45,00<\/td><td>45,00<\/td><td>45,00<\/td><td>50,00<\/td><td>45,00<\/td><\/tr><\/tbody><\/table><\/figure>\n\n<p>Timbre pour cell et autre<\/p>\n\n<p>25,00 rectangle 25,00 rond<\/p>\n\n<p>Bracelets Petit 60,00 Moyen 65,00 Grand 85,00<\/p>\n\n<p>Collier<\/p>\n\n<p>Classique 125,00 Marina 170,00<\/p>\n\n<p>Masque 150, 00<\/p>\n\n<p>Tuile Multi-usage 55,00<\/p>\n\n<figure class=\"wp-block-table\"><table class=\"has-fixed-layout\"><tbody><tr><td colspan=\"5\">Roche pour eau<\/td><\/tr><tr><td>Quantit\u00e9<\/td><td>100g<\/td><td>200g<\/td><td>500g<\/td><td>1kg<\/td><\/tr><tr><td>Prix<\/td><td>20,00<\/td><td>40,00<\/td><td>70,00<\/td><td>125,00<\/td><\/tr><\/tbody><\/table><\/figure>\n\n<figure class=\"wp-block-table\"><table class=\"has-fixed-layout\"><tbody><tr><td colspan=\"5\">Poudre<\/td><\/tr><tr><td>Quantit\u00e9<\/td><td>20g<\/td><td>100g<\/td><td>200g<\/td><td>500g<\/td><\/tr><tr><td>Prix<\/td><td>20,00<\/td><td>30,00<\/td><td>50,00<\/td><td>85,00<\/td><\/tr><\/tbody><\/table><\/figure>\n\n<p>Savons 10,00\/chaque 3\/25,00<\/p>\n\n<p>Masque r\u00e9g\u00e9n\u00e9rateur pour la peau 35,00 le pot.<\/p><\/div><\/div>\n<\/div><\/div><p><\/p>","protected":false},"excerpt":{"rendered":"<p>Liste de prix Sph\u00e8res Grandeur 3cm 5cm 7cm 10cm 12cm 15cm 20cm Prix 45,00 85,00 175,00 290,00 580,00 995,00 2995,00 Zone d\u2019action 1,80m 2,7m 5m 12m 16m 20m 60m La protection offerte par les sph\u00e8res contre les ondes \u00e9lectromagn\u00e9tiques varie selon la grandeur de la sph\u00e8re. Il est possible de ressentir son action harmonisant sur&#8230;<\/p>\n","protected":false},"author":1,"featured_media":1429,"parent":0,"menu_order":0,"comment_status":"closed","ping_status":"closed","template":"","meta":{"_kadence_starter_templates_imported_post":true,"_kad_post_transparent":"","_kad_post_title":"hide","_kad_post_layout":"fullwidth","_kad_post_sidebar_id":"","_kad_post_content_style":"unboxed","_kad_post_vertical_padding":"hide","_kad_post_feature":"hide","_kad_post_feature_position":"","_kad_post_header":false,"_kad_post_footer":false,"footnotes":""},"class_list":["post-20","page","type-page","status-publish","has-post-thumbnail","hentry"],"_links":{"self":[{"href":"https:\/\/karelianshungite.com\/index.php?rest_route=\/wp\/v2\/pages\/20","targetHints":{"allow":["GET"]}}],"collection":[{"href":"https:\/\/karelianshungite.com\/index.php?rest_route=\/wp\/v2\/pages"}],"about":[{"href":"https:\/\/karelianshungite.com\/index.php?rest_route=\/wp\/v2\/types\/page"}],"author":[{"embeddable":true,"href":"https:\/\/karelianshungite.com\/index.php?rest_route=\/wp\/v2\/users\/1"}],"replies":[{"embeddable":true,"href":"https:\/\/karelianshungite.com\/index.php?rest_route=%2Fwp%2Fv2%2Fcomments&post=20"}],"version-history":[{"count":5,"href":"https:\/\/karelianshungite.com\/index.php?rest_route=\/wp\/v2\/pages\/20\/revisions"}],"predecessor-version":[{"id":1594,"href":"https:\/\/karelianshungite.com\/index.php?rest_route=\/wp\/v2\/pages\/20\/revisions\/1594"}],"wp:featuredmedia":[{"embeddable":true,"href":"https:\/\/karelianshungite.com\/index.php?rest_route=\/wp\/v2\/media\/1429"}],"wp:attachment":[{"href":"https:\/\/karelianshungite.com\/index.php?rest_route=%2Fwp%2Fv2%2Fmedia&parent=20"}],"curies":[{"name":"wp","href":"https:\/\/api.w.org\/{rel}","templated":true}]}}