{"id":1571,"date":"2025-07-03T23:18:09","date_gmt":"2025-07-03T23:18:09","guid":{"rendered":"https:\/\/karelianshungite.com\/?page_id=1571"},"modified":"2025-07-11T12:19:46","modified_gmt":"2025-07-11T12:19:46","slug":"video","status":"publish","type":"page","link":"https:\/\/karelianshungite.com\/?page_id=1571","title":{"rendered":"Vid\u00e9o"},"content":{"rendered":"<style>.kb-row-layout-id1571_2e61e9-9e > .kt-row-column-wrap{align-content:start;}:where(.kb-row-layout-id1571_2e61e9-9e > .kt-row-column-wrap) > .wp-block-kadence-column{justify-content:start;}.kb-row-layout-id1571_2e61e9-9e > .kt-row-column-wrap{column-gap:var(--global-kb-gap-md, 2rem);row-gap:var(--global-kb-gap-md, 2rem);max-width:var( --global-content-width, 1290px );padding-left:var(--global-content-edge-padding);padding-right:var(--global-content-edge-padding);padding-top:400px;padding-right:20px;padding-bottom:0px;padding-left:20px;grid-template-columns:minmax(0, 1fr);}.kb-row-layout-id1571_2e61e9-9e{background-image:url('https:\/\/karelianshungite.com\/wp-content\/uploads\/2025\/01\/Firefly-very-simple-flat-bkack-shungite-background-shaded-make-it-simplier.-More-minimal-just-soft-19-scaled.jpg');background-size:cover;background-position:center center;background-attachment:scroll;background-repeat:no-repeat;}.kb-row-layout-id1571_2e61e9-9e > .kt-row-layout-overlay{opacity:0.55;background-color:var(--global-palette3, #1A202C);mix-blend-mode:normal;}@media all and (max-width: 1024px){.kb-row-layout-id1571_2e61e9-9e > .kt-row-column-wrap{grid-template-columns:minmax(0, 1fr);}}@media all and (max-width: 767px){.kb-row-layout-id1571_2e61e9-9e > .kt-row-column-wrap{padding-top:150px;grid-template-columns:minmax(0, 1fr);}}<\/style><div class=\"kb-row-layout-wrap kb-row-layout-id1571_2e61e9-9e alignnone kt-row-has-bg wp-block-kadence-rowlayout\"><div class=\"kt-row-layout-overlay kt-row-overlay-normal\"><\/div><div class=\"kt-row-column-wrap kt-has-1-columns kt-row-layout-equal kt-tab-layout-inherit kt-mobile-layout-row kt-row-valign-top kb-theme-content-width\">\n<style>.kadence-column1571_4b9bcd-bc > .kt-inside-inner-col,.kadence-column1571_4b9bcd-bc > .kt-inside-inner-col:before{border-top-left-radius:0px;border-top-right-radius:0px;border-bottom-right-radius:0px;border-bottom-left-radius:0px;}.kadence-column1571_4b9bcd-bc > .kt-inside-inner-col{column-gap:var(--global-kb-gap-sm, 1rem);}.kadence-column1571_4b9bcd-bc > .kt-inside-inner-col{flex-direction:column;}.kadence-column1571_4b9bcd-bc > .kt-inside-inner-col > .aligncenter{width:100%;}.kadence-column1571_4b9bcd-bc > .kt-inside-inner-col:before{opacity:0.3;}.kadence-column1571_4b9bcd-bc{position:relative;}@media all and (max-width: 1024px){.kadence-column1571_4b9bcd-bc > .kt-inside-inner-col{flex-direction:column;}}@media all and (max-width: 767px){.kadence-column1571_4b9bcd-bc > .kt-inside-inner-col{flex-direction:column;}}<\/style>\n<div class=\"wp-block-kadence-column kadence-column1571_4b9bcd-bc inner-column-1\"><div class=\"kt-inside-inner-col\"><style>.wp-block-kadence-spacer.kt-block-spacer-1571_1cfddc-e2 .kt-block-spacer{height:6px;}.wp-block-kadence-spacer.kt-block-spacer-1571_1cfddc-e2 .kt-divider{border-top-width:1px;height:1px;border-top-color:var(--global-palette2, #2B6CB0);width:10%;border-top-style:solid;}<\/style>\n<div class=\"wp-block-kadence-spacer aligncenter kt-block-spacer-1571_1cfddc-e2\"><div class=\"kt-block-spacer kt-block-spacer-halign-center\"><hr class=\"kt-divider\"\/><\/div><\/div>\n\n<style>.wp-block-kadence-advancedheading.kt-adv-heading1571_a63b66-78, .wp-block-kadence-advancedheading.kt-adv-heading1571_a63b66-78[data-kb-block=\"kb-adv-heading1571_a63b66-78\"]{margin-top:0px;text-align:center;font-style:normal;}.wp-block-kadence-advancedheading.kt-adv-heading1571_a63b66-78 mark.kt-highlight, .wp-block-kadence-advancedheading.kt-adv-heading1571_a63b66-78[data-kb-block=\"kb-adv-heading1571_a63b66-78\"] mark.kt-highlight{font-style:normal;color:#f76a0c;-webkit-box-decoration-break:clone;box-decoration-break:clone;padding-top:0px;padding-right:0px;padding-bottom:0px;padding-left:0px;}<\/style>\n<h2 class=\"kt-adv-heading1571_a63b66-78 wp-block-kadence-advancedheading has-theme-palette-9-color has-text-color\" data-kb-block=\"kb-adv-heading1571_a63b66-78\">Vid\u00e9o<\/h2>\n\n<style>.wp-block-kadence-advancedheading.kt-adv-heading1571_c40aa5-67, .wp-block-kadence-advancedheading.kt-adv-heading1571_c40aa5-67[data-kb-block=\"kb-adv-heading1571_c40aa5-67\"]{text-align:center;font-style:normal;}.wp-block-kadence-advancedheading.kt-adv-heading1571_c40aa5-67 mark.kt-highlight, .wp-block-kadence-advancedheading.kt-adv-heading1571_c40aa5-67[data-kb-block=\"kb-adv-heading1571_c40aa5-67\"] mark.kt-highlight{font-style:normal;color:#f76a0c;-webkit-box-decoration-break:clone;box-decoration-break:clone;padding-top:0px;padding-right:0px;padding-bottom:0px;padding-left:0px;}<\/style>\n<p class=\"kt-adv-heading1571_c40aa5-67 wp-block-kadence-advancedheading has-theme-palette-9-color has-text-color\" data-kb-block=\"kb-adv-heading1571_c40aa5-67\"><\/p><\/div><\/div>\n<\/div><\/div><style>.kb-row-layout-id1571_f1d5cb-8a > .kt-row-column-wrap{align-content:start;}:where(.kb-row-layout-id1571_f1d5cb-8a > .kt-row-column-wrap) > .wp-block-kadence-column{justify-content:start;}.kb-row-layout-id1571_f1d5cb-8a > .kt-row-column-wrap{column-gap:var(--global-kb-gap-md, 2rem);row-gap:var(--global-kb-gap-md, 2rem);max-width:var( --global-content-width, 1290px );padding-left:var(--global-content-edge-padding);padding-right:var(--global-content-edge-padding);padding-top:100px;padding-bottom:100px;grid-template-columns:minmax(0, 1fr);}.kb-row-layout-id1571_f1d5cb-8a{background-image:url('https:\/\/karelianshungite.com\/wp-content\/uploads\/2025\/01\/texture-bg-header-1.jpg');background-size:cover;background-position:center center;background-attachment:scroll;background-repeat:no-repeat;}.kb-row-layout-id1571_f1d5cb-8a > .kt-row-layout-overlay{opacity:0.30;}@media all and (max-width: 1024px){.kb-row-layout-id1571_f1d5cb-8a > .kt-row-column-wrap{grid-template-columns:minmax(0, 1fr);}}@media all and (max-width: 767px){.kb-row-layout-id1571_f1d5cb-8a > .kt-row-column-wrap{padding-top:100px;grid-template-columns:minmax(0, 1fr);}}<\/style><div class=\"kb-row-layout-wrap kb-row-layout-id1571_f1d5cb-8a alignnone has-theme-palette8-background-color kt-row-has-bg wp-block-kadence-rowlayout\"><div class=\"kt-row-column-wrap kt-has-1-columns kt-row-layout-equal kt-tab-layout-inherit kt-mobile-layout-row kt-row-valign-top kb-theme-content-width\">\n<style>.kadence-column1571_82fa49-13 > .kt-inside-inner-col,.kadence-column1571_82fa49-13 > .kt-inside-inner-col:before{border-top-left-radius:0px;border-top-right-radius:0px;border-bottom-right-radius:0px;border-bottom-left-radius:0px;}.kadence-column1571_82fa49-13 > .kt-inside-inner-col{column-gap:var(--global-kb-gap-sm, 1rem);}.kadence-column1571_82fa49-13 > .kt-inside-inner-col{flex-direction:column;}.kadence-column1571_82fa49-13 > .kt-inside-inner-col > .aligncenter{width:100%;}.kadence-column1571_82fa49-13 > .kt-inside-inner-col:before{opacity:0.3;}.kadence-column1571_82fa49-13{position:relative;}@media all and (max-width: 1024px){.kadence-column1571_82fa49-13 > .kt-inside-inner-col{flex-direction:column;}}@media all and (max-width: 767px){.kadence-column1571_82fa49-13 > .kt-inside-inner-col{flex-direction:column;}}<\/style>\n<div class=\"wp-block-kadence-column kadence-column1571_82fa49-13 inner-column-1\"><div class=\"kt-inside-inner-col\"><style>.kb-row-layout-id1571_435b85-c9 > .kt-row-column-wrap{align-content:start;}:where(.kb-row-layout-id1571_435b85-c9 > .kt-row-column-wrap) > .wp-block-kadence-column{justify-content:start;}.kb-row-layout-id1571_435b85-c9 > .kt-row-column-wrap{column-gap:var(--global-kb-gap-md, 2rem);row-gap:var(--global-kb-gap-md, 2rem);max-width:var( --global-content-width, 1290px );padding-left:var(--global-content-edge-padding);padding-right:var(--global-content-edge-padding);padding-top:var(--global-kb-spacing-sm, 1.5rem);padding-bottom:var(--global-kb-spacing-sm, 1.5rem);grid-template-columns:minmax(0, 1fr);}.kb-row-layout-id1571_435b85-c9{border-top-left-radius:6px;border-top-right-radius:6px;border-bottom-right-radius:6px;border-bottom-left-radius:6px;overflow:clip;isolation:isolate;}.kb-row-layout-id1571_435b85-c9 > .kt-row-layout-overlay{border-top-left-radius:6px;border-top-right-radius:6px;border-bottom-right-radius:6px;border-bottom-left-radius:6px;}.kb-row-layout-id1571_435b85-c9 > .kt-row-layout-overlay{opacity:0.30;}@media all and (max-width: 1024px){.kb-row-layout-id1571_435b85-c9 > .kt-row-column-wrap{grid-template-columns:minmax(0, 1fr);}}@media all and (max-width: 767px){.kb-row-layout-id1571_435b85-c9 > .kt-row-column-wrap{grid-template-columns:minmax(0, 1fr);}}<\/style><div class=\"kb-row-layout-wrap kb-row-layout-id1571_435b85-c9 alignnone wp-block-kadence-rowlayout\"><div class=\"kt-row-column-wrap kt-has-1-columns kt-row-layout-equal kt-tab-layout-inherit kt-mobile-layout-row kt-row-valign-top kb-theme-content-width\">\n<style>.kadence-column1571_dc896d-90 > .kt-inside-inner-col,.kadence-column1571_dc896d-90 > .kt-inside-inner-col:before{border-top-left-radius:0px;border-top-right-radius:0px;border-bottom-right-radius:0px;border-bottom-left-radius:0px;}.kadence-column1571_dc896d-90 > .kt-inside-inner-col{column-gap:var(--global-kb-gap-sm, 1rem);}.kadence-column1571_dc896d-90 > .kt-inside-inner-col{flex-direction:column;}.kadence-column1571_dc896d-90 > .kt-inside-inner-col > .aligncenter{width:100%;}.kadence-column1571_dc896d-90 > .kt-inside-inner-col:before{opacity:0.3;}.kadence-column1571_dc896d-90{position:relative;}@media all and (max-width: 1024px){.kadence-column1571_dc896d-90 > .kt-inside-inner-col{flex-direction:column;}}@media all and (max-width: 767px){.kadence-column1571_dc896d-90 > .kt-inside-inner-col{flex-direction:column;}}<\/style>\n<div class=\"wp-block-kadence-column kadence-column1571_dc896d-90 inner-column-1\"><div class=\"kt-inside-inner-col\"><figure class=\"wp-block-embed is-type-video is-provider-youtube wp-block-embed-youtube wp-embed-aspect-16-9 wp-has-aspect-ratio\"><div class=\"wp-block-embed__wrapper\">\n<iframe loading=\"lazy\" title=\"La Shungite de la mine \u00e0 la sant\u00e9, conf\u00e9rence par \u00c9ric Rh\u00e9aume (Karelian Shungite)\" width=\"720\" height=\"405\" src=\"https:\/\/www.youtube.com\/embed\/bwgdIUJ_GuU?feature=oembed\" frameborder=\"0\" allow=\"accelerometer; autoplay; clipboard-write; encrypted-media; gyroscope; picture-in-picture; web-share\" referrerpolicy=\"strict-origin-when-cross-origin\" allowfullscreen><\/iframe>\n<\/div><\/figure><\/div><\/div>\n<\/div><\/div><\/div><\/div>\n<\/div><\/div>","protected":false},"excerpt":{"rendered":"<p>Vid\u00e9o<\/p>\n","protected":false},"author":1,"featured_media":1397,"parent":0,"menu_order":0,"comment_status":"closed","ping_status":"closed","template":"","meta":{"_kadence_starter_templates_imported_post":true,"_kad_post_transparent":"","_kad_post_title":"hide","_kad_post_layout":"fullwidth","_kad_post_sidebar_id":"","_kad_post_content_style":"unboxed","_kad_post_vertical_padding":"hide","_kad_post_feature":"hide","_kad_post_feature_position":"","_kad_post_header":false,"_kad_post_footer":false,"footnotes":""},"class_list":["post-1571","page","type-page","status-publish","has-post-thumbnail","hentry"],"_links":{"self":[{"href":"https:\/\/karelianshungite.com\/index.php?rest_route=\/wp\/v2\/pages\/1571","targetHints":{"allow":["GET"]}}],"collection":[{"href":"https:\/\/karelianshungite.com\/index.php?rest_route=\/wp\/v2\/pages"}],"about":[{"href":"https:\/\/karelianshungite.com\/index.php?rest_route=\/wp\/v2\/types\/page"}],"author":[{"embeddable":true,"href":"https:\/\/karelianshungite.com\/index.php?rest_route=\/wp\/v2\/users\/1"}],"replies":[{"embeddable":true,"href":"https:\/\/karelianshungite.com\/index.php?rest_route=%2Fwp%2Fv2%2Fcomments&post=1571"}],"version-history":[{"count":7,"href":"https:\/\/karelianshungite.com\/index.php?rest_route=\/wp\/v2\/pages\/1571\/revisions"}],"predecessor-version":[{"id":1704,"href":"https:\/\/karelianshungite.com\/index.php?rest_route=\/wp\/v2\/pages\/1571\/revisions\/1704"}],"wp:featuredmedia":[{"embeddable":true,"href":"https:\/\/karelianshungite.com\/index.php?rest_route=\/wp\/v2\/media\/1397"}],"wp:attachment":[{"href":"https:\/\/karelianshungite.com\/index.php?rest_route=%2Fwp%2Fv2%2Fmedia&parent=1571"}],"curies":[{"name":"wp","href":"https:\/\/api.w.org\/{rel}","templated":true}]}}